{"id":36,"date":"2021-04-07T18:01:42","date_gmt":"2021-04-07T16:01:42","guid":{"rendered":"http:\/\/crypto-formations.com\/?page_id=36"},"modified":"2025-09-05T10:08:01","modified_gmt":"2025-09-05T08:08:01","slug":"accueil","status":"publish","type":"page","link":"https:\/\/crypto-formations.com\/","title":{"rendered":"Accueil"},"content":{"rendered":"\n<p><strong>Crypto Formations<\/strong> vous propose des formations sur le th\u00e8me de la technologie <strong>blockchain<\/strong> et des <strong>cryptomonnaies<\/strong> associ\u00e9es.<\/p>\n\n\n\n<div class=\"wp-block-group has-very-light-gray-background-color has-background\"><div class=\"wp-block-group__inner-container is-layout-flow wp-block-group-is-layout-flow\"><div class=\"wp-block-image is-resized\">\n<figure class=\"aligncenter size-large\"><img loading=\"lazy\" decoding=\"async\" width=\"1024\" height=\"682\" src=\"http:\/\/crypto-formations.com\/wp-content\/uploads\/2019\/12\/IMG_47231-2.jpg\" alt=\"\" class=\"wp-image-461\" srcset=\"https:\/\/crypto-formations.com\/wp-content\/uploads\/2019\/12\/IMG_47231-2.jpg 1024w, https:\/\/crypto-formations.com\/wp-content\/uploads\/2019\/12\/IMG_47231-2-300x200.jpg 300w, https:\/\/crypto-formations.com\/wp-content\/uploads\/2019\/12\/IMG_47231-2-768x512.jpg 768w\" sizes=\"auto, (max-width: 706px) 89vw, (max-width: 767px) 82vw, 740px\" \/><\/figure>\n<\/div><\/div><\/div>\n\n\n<div class=\"wp-block-image\">\n<figure class=\"aligncenter\"><img loading=\"lazy\" decoding=\"async\" width=\"300\" height=\"170\" src=\"http:\/\/crypto-formations.com\/wp-content\/uploads\/2018\/02\/Logo-Crypto-Formations.com_-1-300x170.png\" alt=\"\" class=\"wp-image-168\" srcset=\"https:\/\/crypto-formations.com\/wp-content\/uploads\/2018\/02\/Logo-Crypto-Formations.com_-1-300x170.png 300w, https:\/\/crypto-formations.com\/wp-content\/uploads\/2018\/02\/Logo-Crypto-Formations.com_-1-768x436.png 768w, https:\/\/crypto-formations.com\/wp-content\/uploads\/2018\/02\/Logo-Crypto-Formations.com_-1.png 960w\" sizes=\"auto, (max-width: 300px) 100vw, 300px\" \/><\/figure>\n<\/div>\n\n\n<hr class=\"wp-block-separator has-css-opacity\"\/>\n\n\n\n<p><\/p>\n\n\n\n<hr class=\"wp-block-separator has-css-opacity\"\/>\n\n\n\n<div class=\"wp-block-group has-very-light-gray-background-color has-background\"><div class=\"wp-block-group__inner-container is-layout-flow wp-block-group-is-layout-flow\">\n<p><strong>Pr\u00e9sentation :<\/strong><\/p>\n\n\n\n<p>L\u2019arriv\u00e9e de la technologie Blockchain et des cryptomonnaies repr\u00e9sente une innovation majeure dans l\u2019histoire d\u2019internet. Depuis 2009, le bitcoin utilise la blockchain pour s\u00e9curiser les \u00e9changes et conserver toutes les transactions.<\/p>\n\n\n\n<p>Cette blockchain d\u00e9centralis\u00e9e mise en place par Satoshi Nakamoto, l\u2019inventeur du bitcoin, n\u2019est qu\u2019un exemple d\u2019application de cette technologie r\u00e9volutionnaire.<\/p>\n\n\n\n<p>Cette formation s\u2019adresse \u00e0 tous les professionnels d\u00e9sireux de se familiariser avec les actifs blockchains (bitcoin, ethereum, ripple) et voulant identifier les secteurs d\u2019activit\u00e9s concern\u00e9s par cette r\u00e9volution technologique.<\/p>\n\n\n\n<p>Vous pourrez ainsi comprendre les enjeux et les domaines d\u2019activit\u00e9s de la blockchain, savoir comment acqu\u00e9rir, g\u00e9rer et s\u00e9curiser des actifs blockchains et d\u00e9couvrir le potentiel des actifs num\u00e9riques.<\/p>\n<\/div><\/div>\n\n\n\n<hr class=\"wp-block-separator has-css-opacity\"\/>\n\n\n\n<p><strong>Objectif :<\/strong><\/p>\n\n\n\n<p>Comprendre les enjeux technologiques et \u00e9conomiques de la technologie  <br>blockchain et des cryptomonnaies.<\/p>\n\n\n\n<hr class=\"wp-block-separator has-css-opacity\"\/>\n\n\n\n<div class=\"wp-block-group has-very-light-gray-background-color has-background\"><div class=\"wp-block-group__inner-container is-layout-flow wp-block-group-is-layout-flow\">\n<p><strong>Crypto Formations<\/strong> s&rsquo;adresse :<\/p>\n\n\n\n<ul class=\"wp-block-list\">\n<li>Responsable financier,<\/li>\n\n\n\n<li>Responsable DSI,<\/li>\n\n\n\n<li>Ing\u00e9nieur,<\/li>\n\n\n\n<li>Commer\u00e7ant,<\/li>\n\n\n\n<li>Responsable marketing,<\/li>\n\n\n\n<li>Webmaster,<\/li>\n\n\n\n<li>Dirigeant d\u2019entreprise,<\/li>\n\n\n\n<li>Chef de projet,<\/li>\n\n\n\n<li>Gestion de patrimoine,<\/li>\n\n\n\n<li>Auditeur financier\u2026<\/li>\n<\/ul>\n<\/div><\/div>\n\n\n\n<hr class=\"wp-block-separator has-css-opacity\"\/>\n\n\n\n<p><em>Ils nous ont fait confiance :<\/em><\/p>\n\n\n\n<figure class=\"wp-block-gallery aligncenter has-nested-images columns-default is-cropped wp-block-gallery-1 is-layout-flex wp-block-gallery-is-layout-flex\"><div class=\"wp-block-image is-resized\">\n<figure class=\"aligncenter\"><img decoding=\"async\" src=\"https:\/\/www.eigsi.fr\/wp-content\/themes\/eigsi2016\/eigsi16_img\/logo.jpg\" alt=\"EIGSI \u00e9cole d'ing\u00e9nieurs g\u00e9n\u00e9ralistes\"\/><figcaption class=\"wp-element-caption\"><a href=\"http:\/\/crypto-formations.com\/index.php\/2020\/11\/01\/module-blockchain-smart-contracts-a-leigsi-de-la-rochelle\/\" target=\"_blank\" rel=\"noreferrer noopener\">Module \u00ab Blockchain &amp; Smart contracts \u00bb de 3 jours \u00e0 l\u2019EIGSI de La Rochelle<\/a><\/figcaption><\/figure>\n<\/div>\n\n\n<figure class=\"wp-block-image size-large is-resized\"><img loading=\"lazy\" decoding=\"async\" width=\"591\" height=\"591\" data-id=\"556\" src=\"https:\/\/crypto-formations.com\/wp-content\/uploads\/2021\/04\/eni-bleu.jpg\" alt=\"\" class=\"wp-image-556\" srcset=\"https:\/\/crypto-formations.com\/wp-content\/uploads\/2021\/04\/eni-bleu.jpg 591w, https:\/\/crypto-formations.com\/wp-content\/uploads\/2021\/04\/eni-bleu-300x300.jpg 300w, https:\/\/crypto-formations.com\/wp-content\/uploads\/2021\/04\/eni-bleu-150x150.jpg 150w, https:\/\/crypto-formations.com\/wp-content\/uploads\/2021\/04\/eni-bleu-100x100.jpg 100w\" sizes=\"auto, (max-width: 591px) 100vw, 591px\" \/><figcaption class=\"wp-element-caption\">Formation \u00a0\u00bb <a href=\"https:\/\/www.eni-service.fr\/index.php\/fomation\/blockchain-decouvrir-le-fonctionnement-de-la-technologie\/\" target=\"_blank\" rel=\"noreferrer noopener\">Blockchain &#8211; D\u00e9couvrir le fonctionnement de la technologie <\/a>\u00a0\u00bb et \u00a0\u00bb <a href=\"https:\/\/www.eni-service.fr\/index.php\/fomation\/blockchain-comprendre-le-fonctionnement-de-la-technologie-et-les-enjeux-associes\/\" target=\"_blank\" rel=\"noreferrer noopener\">Blockchain \u2013 Comprendre le fonctionnement de la technologie et les enjeux associ\u00e9s<\/a> \u00ab\u00a0<\/figcaption><\/figure>\n<\/figure>\n\n\n\n<figure class=\"wp-block-gallery has-nested-images columns-default is-cropped wp-block-gallery-2 is-layout-flex wp-block-gallery-is-layout-flex\">\n<figure class=\"wp-block-image size-large is-resized\"><img loading=\"lazy\" decoding=\"async\" width=\"378\" height=\"133\" data-id=\"412\" src=\"https:\/\/crypto-formations.com\/wp-content\/uploads\/2019\/05\/logo.png\" alt=\"\" class=\"wp-image-412\" srcset=\"https:\/\/crypto-formations.com\/wp-content\/uploads\/2019\/05\/logo.png 378w, https:\/\/crypto-formations.com\/wp-content\/uploads\/2019\/05\/logo-300x106.png 300w\" sizes=\"auto, (max-width: 378px) 100vw, 378px\" \/><figcaption class=\"wp-element-caption\"><a href=\"http:\/\/crypto-formations.com\/index.php\/2019\/05\/26\/module-denseignement-en-master-fonctionnement-et-applications-de-la-technologie-blockchain\/\">Module d&rsquo;enseignement 6h &#8211; Bachelor et Master<\/a> : \u00ab\u00a0Fonctionnement et applications de la technologie Blockchain\u00a0\u00bb<br><a href=\"http:\/\/crypto-formations.com\/index.php\/2019\/12\/18\/conference-technologie-blockchain-et-cryptomonnaie-escem-tours\/\">Conf\u00e9rence \u00ab\u00a0Technologie Blockchain et cryptomonnaie\u00a0\u00bb<\/a><\/figcaption><\/figure>\n\n\n<div class=\"wp-block-image is-resized\">\n<figure class=\"aligncenter\"><img decoding=\"async\" src=\"https:\/\/ifcam-cpf.fr\/wp-content\/uploads\/2019\/11\/ms-icon-310x310.png\" alt=\"Les 1001 raisons de pr\u00e9f\u00e9rer l'IFCAM - Ifcam\"\/><figcaption class=\"wp-element-caption\">IFCAM Ile de France &#8211; Webinaire \u00ab\u00a0Comprendre les cryptomonnaies\u00a0\u00bb<\/figcaption><\/figure>\n<\/div>\n\n\n<figure class=\"wp-block-image size-large is-resized\"><img loading=\"lazy\" decoding=\"async\" width=\"387\" height=\"130\" data-id=\"396\" src=\"https:\/\/crypto-formations.com\/wp-content\/uploads\/2019\/03\/image.jpeg\" alt=\"\" class=\"wp-image-396\" srcset=\"https:\/\/crypto-formations.com\/wp-content\/uploads\/2019\/03\/image.jpeg 387w, https:\/\/crypto-formations.com\/wp-content\/uploads\/2019\/03\/image-300x101.jpeg 300w\" sizes=\"auto, (max-width: 387px) 100vw, 387px\" \/><figcaption class=\"wp-element-caption\">IUT Rouen &#8211; Table ronde \u00ab\u00a0Blockchain : loisir pour les jeunes ou solution industrielle ? \u00ab\u00a0<\/figcaption><\/figure>\n<\/figure>\n\n\n\n<figure class=\"wp-block-gallery has-nested-images columns-default is-cropped wp-block-gallery-3 is-layout-flex wp-block-gallery-is-layout-flex\">\n<figure class=\"wp-block-image size-large is-resized\"><img loading=\"lazy\" decoding=\"async\" width=\"1024\" height=\"311\" data-id=\"372\" src=\"https:\/\/crypto-formations.com\/wp-content\/uploads\/2019\/03\/LOGO-LEPLUSIMPORTANT3-1024x311.jpg\" alt=\"\" class=\"wp-image-372\" srcset=\"https:\/\/crypto-formations.com\/wp-content\/uploads\/2019\/03\/LOGO-LEPLUSIMPORTANT3-1024x311.jpg 1024w, https:\/\/crypto-formations.com\/wp-content\/uploads\/2019\/03\/LOGO-LEPLUSIMPORTANT3-300x91.jpg 300w, https:\/\/crypto-formations.com\/wp-content\/uploads\/2019\/03\/LOGO-LEPLUSIMPORTANT3-768x233.jpg 768w, https:\/\/crypto-formations.com\/wp-content\/uploads\/2019\/03\/LOGO-LEPLUSIMPORTANT3.jpg 1240w\" sizes=\"auto, (max-width: 706px) 89vw, (max-width: 767px) 82vw, 740px\" \/><figcaption class=\"wp-element-caption\">Think tank #Leplusimportant &#8211; Organisation et m\u00e9diatisation du colloque \u00ab\u00a0<a href=\"https:\/\/leplusimportant.org\/category\/relever-les-defis-sociaux-de-la-digitalisation-de-leconomie\/blockchains-et-competences\/\" target=\"_blank\" rel=\"noreferrer noopener\">Blockchains et comp\u00e9tences<\/a>\u00a0\u00bb \u00e0 l&rsquo;<em>Assembl\u00e9e nationale.<\/em><br>M\u00e9diatisation du colloque \u00ab\u00a0Num\u00e9rique et reconnaissance des comp\u00e9tences de chacun\u00a0\u00bb \u00e0 l&rsquo;Assembl\u00e9e Nationale<\/figcaption><\/figure>\n\n\n\n<figure class=\"wp-block-image size-large is-resized\"><img loading=\"lazy\" decoding=\"async\" width=\"237\" height=\"65\" data-id=\"337\" src=\"https:\/\/crypto-formations.com\/wp-content\/uploads\/2018\/12\/ESG-Tours.jpg\" alt=\"\" class=\"wp-image-337\"\/><figcaption class=\"wp-element-caption\">ESG Tours &#8211; Conf\u00e9rence  <br>\u00ab\u00a0D\u00e9couverte de la Blockchain et des Cryptomonnaies\u00a0\u00bb<\/figcaption><\/figure>\n\n\n\n<figure class=\"wp-block-image size-large is-resized\"><img loading=\"lazy\" decoding=\"async\" width=\"200\" height=\"200\" data-id=\"279\" src=\"https:\/\/crypto-formations.com\/wp-content\/uploads\/2018\/10\/JCE-Tours-e1538781800549.jpeg\" alt=\"\" class=\"wp-image-279\"\/><figcaption class=\"wp-element-caption\">JCE de Tours &#8211; Conf\u00e9rence&nbsp;  \u00ab\u00a0D\u00e9couverte&nbsp; de la Blockchain et des Cryptomonnaies\u00a0\u00bb<\/figcaption><\/figure>\n<\/figure>\n\n\n\n<figure class=\"wp-block-gallery has-nested-images columns-default is-cropped wp-block-gallery-4 is-layout-flex wp-block-gallery-is-layout-flex\">\n<figure class=\"wp-block-image size-large is-resized\"><img loading=\"lazy\" decoding=\"async\" width=\"1024\" height=\"764\" data-id=\"281\" src=\"https:\/\/crypto-formations.com\/wp-content\/uploads\/2018\/10\/Mame-1024x764.jpg\" alt=\"\" class=\"wp-image-281\"\/><figcaption class=\"wp-element-caption\">MAME &#8211; Conf\u00e9rence  <br>\u00ab\u00a0Le minage des Cryptomonnaies\u00a0\u00bb<\/figcaption><\/figure>\n\n\n\n<figure class=\"wp-block-image size-large is-resized\"><img loading=\"lazy\" decoding=\"async\" width=\"176\" height=\"117\" data-id=\"523\" src=\"https:\/\/crypto-formations.com\/wp-content\/uploads\/2020\/04\/ECR-2.jpg\" alt=\"\" class=\"wp-image-523\"\/><figcaption class=\"wp-element-caption\"><em>F\u00e9d\u00e9ration des Experts Comptables Retrait\u00e9 &#8211; Conf\u00e9rence \u00ab\u00a0D\u00e9couverte&nbsp; de la Blockchain et des Cryptomonnaies<\/em>\u00ab\u00a0<\/figcaption><\/figure>\n<\/figure>\n\n\n\n<p><\/p>\n","protected":false},"excerpt":{"rendered":"<p>Crypto Formations vous propose des formations sur le th\u00e8me de la technologie blockchain et des cryptomonnaies associ\u00e9es. Pr\u00e9sentation : L\u2019arriv\u00e9e de la technologie Blockchain et des cryptomonnaies repr\u00e9sente une innovation majeure dans l\u2019histoire d\u2019internet. Depuis 2009, le bitcoin utilise la blockchain pour s\u00e9curiser les \u00e9changes et conserver toutes les transactions. Cette blockchain d\u00e9centralis\u00e9e mise en &hellip; <\/p>\n<p class=\"link-more\"><a href=\"https:\/\/crypto-formations.com\/\" class=\"more-link\">Continuer la lecture<span class=\"screen-reader-text\"> de &laquo;&nbsp;Accueil&nbsp;&raquo;<\/span><\/a><\/p>\n","protected":false},"author":1,"featured_media":0,"parent":0,"menu_order":0,"comment_status":"closed","ping_status":"closed","template":"","meta":{"footnotes":""},"class_list":["post-36","page","type-page","status-publish","hentry"],"_links":{"self":[{"href":"https:\/\/crypto-formations.com\/index.php\/wp-json\/wp\/v2\/pages\/36","targetHints":{"allow":["GET"]}}],"collection":[{"href":"https:\/\/crypto-formations.com\/index.php\/wp-json\/wp\/v2\/pages"}],"about":[{"href":"https:\/\/crypto-formations.com\/index.php\/wp-json\/wp\/v2\/types\/page"}],"author":[{"embeddable":true,"href":"https:\/\/crypto-formations.com\/index.php\/wp-json\/wp\/v2\/users\/1"}],"replies":[{"embeddable":true,"href":"https:\/\/crypto-formations.com\/index.php\/wp-json\/wp\/v2\/comments?post=36"}],"version-history":[{"count":74,"href":"https:\/\/crypto-formations.com\/index.php\/wp-json\/wp\/v2\/pages\/36\/revisions"}],"predecessor-version":[{"id":616,"href":"https:\/\/crypto-formations.com\/index.php\/wp-json\/wp\/v2\/pages\/36\/revisions\/616"}],"wp:attachment":[{"href":"https:\/\/crypto-formations.com\/index.php\/wp-json\/wp\/v2\/media?parent=36"}],"curies":[{"name":"wp","href":"https:\/\/api.w.org\/{rel}","templated":true}]}}